{"id":1412,"date":"2022-03-02T09:19:21","date_gmt":"2022-03-02T09:19:21","guid":{"rendered":"http:\/\/sp-niemcz.edu.pl\/index.php\/home\/"},"modified":"2025-10-01T14:36:39","modified_gmt":"2025-10-01T12:36:39","slug":"home","status":"publish","type":"page","link":"https:\/\/sp-niemcz.edu.pl\/","title":{"rendered":"HOME"},"content":{"rendered":"\t\t<div data-elementor-type=\"wp-page\" data-elementor-id=\"1412\" class=\"elementor elementor-1412\">\n\t\t\t\t\t\t<section class=\"elementor-section elementor-top-section elementor-element elementor-element-37b3c9a elementor-section-boxed elementor-section-height-default elementor-section-height-default\" data-id=\"37b3c9a\" data-element_type=\"section\" data-settings=\"{&quot;background_background&quot;:&quot;classic&quot;}\">\n\t\t\t\t\t\t<div class=\"elementor-container elementor-column-gap-no\">\n\t\t\t\t\t<div class=\"elementor-column elementor-col-50 elementor-top-column elementor-element elementor-element-f66c417\" data-id=\"f66c417\" data-element_type=\"column\">\n\t\t\t<div class=\"elementor-widget-wrap elementor-element-populated\">\n\t\t\t\t\t\t<div class=\"elementor-element elementor-element-6a19bcb elementor-widget elementor-widget-heading\" data-id=\"6a19bcb\" data-element_type=\"widget\" data-widget_type=\"heading.default\">\n\t\t\t\t<div class=\"elementor-widget-container\">\n\t\t\t\t\t<h2 class=\"elementor-heading-title elementor-size-default\">WITAMY<\/h2>\t\t\t\t<\/div>\n\t\t\t\t<\/div>\n\t\t\t\t<div class=\"elementor-element elementor-element-b8ae100 elementor-widget elementor-widget-heading\" data-id=\"b8ae100\" data-element_type=\"widget\" data-widget_type=\"heading.default\">\n\t\t\t\t<div class=\"elementor-widget-container\">\n\t\t\t\t\t<h1 class=\"elementor-heading-title elementor-size-default\">SZKO\u0141A PODSTAWOWA<br>IM. AGATY MR\u00d3Z W NIEMCZU<\/h1>\t\t\t\t<\/div>\n\t\t\t\t<\/div>\n\t\t\t\t<div class=\"elementor-element elementor-element-1439bca elementor-widget__width-initial elementor-widget elementor-widget-text-editor\" data-id=\"1439bca\" data-element_type=\"widget\" data-widget_type=\"text-editor.default\">\n\t\t\t\t<div class=\"elementor-widget-container\">\n\t\t\t\t\t\t\t\t\t<p>Szko\u0142a to miejsce, gdzie uczniowie zdobywaj\u0105 wiedz\u0119 i umiej\u0119tno\u015bci, kt\u00f3re s\u0105 niezb\u0119dne w \u017cyciu. W naszej szkole uczniowie maj\u0105 okazj\u0119 pozna\u0107 nowych ludzi, nawi\u0105za\u0107 przyja\u017anie i rozwija\u0107 swoje zainteresowania.<\/p>\t\t\t\t\t\t\t\t<\/div>\n\t\t\t\t<\/div>\n\t\t\t\t<section class=\"elementor-section elementor-inner-section elementor-element elementor-element-547b02e elementor-section-boxed elementor-section-height-default elementor-section-height-default\" data-id=\"547b02e\" data-element_type=\"section\">\n\t\t\t\t\t\t<div class=\"elementor-container elementor-column-gap-default\">\n\t\t\t\t\t<div class=\"elementor-column elementor-col-50 elementor-inner-column elementor-element elementor-element-72810c6\" data-id=\"72810c6\" data-element_type=\"column\">\n\t\t\t<div class=\"elementor-widget-wrap elementor-element-populated\">\n\t\t\t\t\t\t<div class=\"elementor-element elementor-element-074c821 elementor-align-center elementor-widget elementor-widget-button\" data-id=\"074c821\" data-element_type=\"widget\" data-widget_type=\"button.default\">\n\t\t\t\t<div class=\"elementor-widget-container\">\n\t\t\t\t\t\t\t\t\t<div class=\"elementor-button-wrapper\">\n\t\t\t\t\t<a class=\"elementor-button elementor-button-link elementor-size-sm\" href=\"http:\/\/sp-niemcz.edu.pl\/index.php\/aktualnosci\/\">\n\t\t\t\t\t\t<span class=\"elementor-button-content-wrapper\">\n\t\t\t\t\t\t\t\t\t<span class=\"elementor-button-text\">Aktualno\u015bci<\/span>\n\t\t\t\t\t<\/span>\n\t\t\t\t\t<\/a>\n\t\t\t\t<\/div>\n\t\t\t\t\t\t\t\t<\/div>\n\t\t\t\t<\/div>\n\t\t\t\t\t<\/div>\n\t\t<\/div>\n\t\t\t\t<div class=\"elementor-column elementor-col-50 elementor-inner-column elementor-element elementor-element-2eb7c0c\" data-id=\"2eb7c0c\" data-element_type=\"column\">\n\t\t\t<div class=\"elementor-widget-wrap elementor-element-populated\">\n\t\t\t\t\t\t<div class=\"elementor-element elementor-element-ee3e83d elementor-align-center elementor-widget elementor-widget-button\" data-id=\"ee3e83d\" data-element_type=\"widget\" data-widget_type=\"button.default\">\n\t\t\t\t<div class=\"elementor-widget-container\">\n\t\t\t\t\t\t\t\t\t<div class=\"elementor-button-wrapper\">\n\t\t\t\t\t<a class=\"elementor-button elementor-button-link elementor-size-sm\" href=\"http:\/\/sp-niemcz.edu.pl\/index.php\/uwaga\/\" target=\"_blank\">\n\t\t\t\t\t\t<span class=\"elementor-button-content-wrapper\">\n\t\t\t\t\t\t\t\t\t<span class=\"elementor-button-text\">Wa\u017cne<\/span>\n\t\t\t\t\t<\/span>\n\t\t\t\t\t<\/a>\n\t\t\t\t<\/div>\n\t\t\t\t\t\t\t\t<\/div>\n\t\t\t\t<\/div>\n\t\t\t\t\t<\/div>\n\t\t<\/div>\n\t\t\t\t\t<\/div>\n\t\t<\/section>\n\t\t\t\t\t<\/div>\n\t\t<\/div>\n\t\t\t\t<div class=\"elementor-column elementor-col-50 elementor-top-column elementor-element elementor-element-16a252d\" data-id=\"16a252d\" data-element_type=\"column\">\n\t\t\t<div class=\"elementor-widget-wrap elementor-element-populated\">\n\t\t\t\t\t\t<div class=\"elementor-element elementor-element-6a9dd0e elementor-widget elementor-widget-image\" data-id=\"6a9dd0e\" data-element_type=\"widget\" data-widget_type=\"image.default\">\n\t\t\t\t<div class=\"elementor-widget-container\">\n\t\t\t\t\t\t\t\t\t\t\t\t\t\t\t<img fetchpriority=\"high\" decoding=\"async\" width=\"2560\" height=\"1240\" src=\"https:\/\/sp-niemcz.edu.pl\/wp-content\/uploads\/2023\/04\/20230302_111341-scaled.jpg\" class=\"attachment-full size-full wp-image-1454\" alt=\"\" srcset=\"https:\/\/sp-niemcz.edu.pl\/wp-content\/uploads\/2023\/04\/20230302_111341-scaled.jpg 2560w, https:\/\/sp-niemcz.edu.pl\/wp-content\/uploads\/2023\/04\/20230302_111341-300x145.jpg 300w, https:\/\/sp-niemcz.edu.pl\/wp-content\/uploads\/2023\/04\/20230302_111341-1024x496.jpg 1024w, https:\/\/sp-niemcz.edu.pl\/wp-content\/uploads\/2023\/04\/20230302_111341-768x372.jpg 768w, https:\/\/sp-niemcz.edu.pl\/wp-content\/uploads\/2023\/04\/20230302_111341-1536x744.jpg 1536w, https:\/\/sp-niemcz.edu.pl\/wp-content\/uploads\/2023\/04\/20230302_111341-2048x992.jpg 2048w\" sizes=\"(max-width: 2560px) 100vw, 2560px\" \/>\t\t\t\t\t\t\t\t\t\t\t\t\t\t\t<\/div>\n\t\t\t\t<\/div>\n\t\t\t\t<div class=\"elementor-element elementor-element-28e0b18 elementor-widget elementor-widget-image\" data-id=\"28e0b18\" data-element_type=\"widget\" data-widget_type=\"image.default\">\n\t\t\t\t<div class=\"elementor-widget-container\">\n\t\t\t\t\t\t\t\t\t\t\t\t\t\t\t<img decoding=\"async\" width=\"300\" height=\"199\" src=\"https:\/\/sp-niemcz.edu.pl\/wp-content\/uploads\/2023\/04\/20230302_111421-300x199.jpg\" class=\"attachment-medium size-medium wp-image-1455\" alt=\"\" srcset=\"https:\/\/sp-niemcz.edu.pl\/wp-content\/uploads\/2023\/04\/20230302_111421-300x199.jpg 300w, https:\/\/sp-niemcz.edu.pl\/wp-content\/uploads\/2023\/04\/20230302_111421-1024x678.jpg 1024w, https:\/\/sp-niemcz.edu.pl\/wp-content\/uploads\/2023\/04\/20230302_111421-768x509.jpg 768w, https:\/\/sp-niemcz.edu.pl\/wp-content\/uploads\/2023\/04\/20230302_111421-1536x1017.jpg 1536w, https:\/\/sp-niemcz.edu.pl\/wp-content\/uploads\/2023\/04\/20230302_111421-2048x1357.jpg 2048w\" sizes=\"(max-width: 300px) 100vw, 300px\" \/>\t\t\t\t\t\t\t\t\t\t\t\t\t\t\t<\/div>\n\t\t\t\t<\/div>\n\t\t\t\t\t<\/div>\n\t\t<\/div>\n\t\t\t\t\t<\/div>\n\t\t<\/section>\n\t\t\t\t<section class=\"elementor-section elementor-top-section elementor-element elementor-element-88b8063 elementor-section-boxed elementor-section-height-default elementor-section-height-default\" data-id=\"88b8063\" data-element_type=\"section\">\n\t\t\t\t\t\t<div class=\"elementor-container elementor-column-gap-default\">\n\t\t\t\t\t<div class=\"elementor-column elementor-col-25 elementor-top-column elementor-element elementor-element-aa1ff38\" data-id=\"aa1ff38\" data-element_type=\"column\">\n\t\t\t<div class=\"elementor-widget-wrap elementor-element-populated\">\n\t\t\t\t\t\t<div class=\"elementor-element elementor-element-429da27 elementor-widget__width-initial elementor-widget elementor-widget-image\" data-id=\"429da27\" data-element_type=\"widget\" data-widget_type=\"image.default\">\n\t\t\t\t<div class=\"elementor-widget-container\">\n\t\t\t\t\t\t\t\t\t\t\t\t\t\t\t\t<a href=\"https:\/\/bip.osielsko.pl\/artykul\/768\/9708\/szkola-podstawowa-w-niemczu\">\n\t\t\t\t\t\t\t<img decoding=\"async\" width=\"300\" height=\"107\" src=\"https:\/\/sp-niemcz.edu.pl\/wp-content\/uploads\/2025\/07\/logo_bip-300x107.jpg\" class=\"attachment-medium size-medium wp-image-3750\" alt=\"\" srcset=\"https:\/\/sp-niemcz.edu.pl\/wp-content\/uploads\/2025\/07\/logo_bip-300x107.jpg 300w, https:\/\/sp-niemcz.edu.pl\/wp-content\/uploads\/2025\/07\/logo_bip-1024x364.jpg 1024w, https:\/\/sp-niemcz.edu.pl\/wp-content\/uploads\/2025\/07\/logo_bip-768x273.jpg 768w, https:\/\/sp-niemcz.edu.pl\/wp-content\/uploads\/2025\/07\/logo_bip.jpg 1095w\" sizes=\"(max-width: 300px) 100vw, 300px\" \/>\t\t\t\t\t\t\t\t<\/a>\n\t\t\t\t\t\t\t\t\t\t\t\t\t\t\t<\/div>\n\t\t\t\t<\/div>\n\t\t\t\t<div class=\"elementor-element elementor-element-17fe719 elementor-widget__width-initial elementor-widget elementor-widget-image\" data-id=\"17fe719\" data-element_type=\"widget\" data-widget_type=\"image.default\">\n\t\t\t\t<div class=\"elementor-widget-container\">\n\t\t\t\t\t\t\t\t\t\t\t\t\t\t\t\t<a href=\"https:\/\/sp-niemcz.edu.pl\/index.php\/deklaracja-dostepnosci\/\">\n\t\t\t\t\t\t\t<img loading=\"lazy\" decoding=\"async\" width=\"204\" height=\"80\" src=\"https:\/\/sp-niemcz.edu.pl\/wp-content\/uploads\/2025\/10\/deklaracja.png\" class=\"attachment-medium size-medium wp-image-3900\" alt=\"\" \/>\t\t\t\t\t\t\t\t<\/a>\n\t\t\t\t\t\t\t\t\t\t\t\t\t\t\t<\/div>\n\t\t\t\t<\/div>\n\t\t\t\t\t<\/div>\n\t\t<\/div>\n\t\t\t\t<div class=\"elementor-column elementor-col-25 elementor-top-column elementor-element elementor-element-c5d4c96\" data-id=\"c5d4c96\" data-element_type=\"column\">\n\t\t\t<div class=\"elementor-widget-wrap elementor-element-populated\">\n\t\t\t\t\t\t<div class=\"elementor-element elementor-element-85b96e2 elementor-widget__width-initial elementor-widget elementor-widget-text-editor\" data-id=\"85b96e2\" data-element_type=\"widget\" data-widget_type=\"text-editor.default\">\n\t\t\t\t<div class=\"elementor-widget-container\">\n\t\t\t\t\t\t\t\t\t<p><strong><span style=\"color: #1b1b1b; font-family: 'Open Sans', sans-serif; font-size: 16px; font-variant-ligatures: normal; font-variant-caps: normal; letter-spacing: normal; text-align: start; text-indent: 0px; text-transform: none; word-spacing: 0px; -webkit-text-stroke-width: 0px; white-space: normal; background-color: #ffffff; text-decoration-thickness: initial; text-decoration-style: initial; text-decoration-color: initial; display: inline !important; float: none;\">Redaktor BIP<br \/>Jacek Michalski<br \/><\/span><span style=\"color: #1b1b1b; font-family: 'Open Sans', sans-serif; font-size: 16px; font-variant-ligatures: normal; font-variant-caps: normal; letter-spacing: normal; text-align: start; text-indent: 0px; text-transform: none; word-spacing: 0px; -webkit-text-stroke-width: 0px; white-space: normal; background-color: #ffffff; text-decoration-thickness: initial; text-decoration-style: initial; text-decoration-color: initial; display: inline !important; float: none;\">52 3813623<br \/><\/span><span style=\"color: #1b1b1b; font-family: 'Open Sans', sans-serif; font-size: 16px; font-variant-ligatures: normal; font-variant-caps: normal; letter-spacing: normal; text-align: start; text-indent: 0px; text-transform: none; word-spacing: 0px; -webkit-text-stroke-width: 0px; white-space: normal; background-color: #ffffff; text-decoration-thickness: initial; text-decoration-style: initial; text-decoration-color: initial; display: inline !important; float: none;\">dyrektor@sp-niemcz.edu.pl<\/span><\/strong><\/p>\t\t\t\t\t\t\t\t<\/div>\n\t\t\t\t<\/div>\n\t\t\t\t\t<\/div>\n\t\t<\/div>\n\t\t\t\t<div class=\"elementor-column elementor-col-25 elementor-top-column elementor-element elementor-element-0bb3007\" data-id=\"0bb3007\" data-element_type=\"column\">\n\t\t\t<div class=\"elementor-widget-wrap\">\n\t\t\t\t\t\t\t<\/div>\n\t\t<\/div>\n\t\t\t\t<div class=\"elementor-column elementor-col-25 elementor-top-column elementor-element elementor-element-590ad50\" data-id=\"590ad50\" data-element_type=\"column\">\n\t\t\t<div class=\"elementor-widget-wrap elementor-element-populated\">\n\t\t\t\t\t\t<div class=\"elementor-element elementor-element-f45fd6a elementor-widget elementor-widget-image\" data-id=\"f45fd6a\" data-element_type=\"widget\" data-widget_type=\"image.default\">\n\t\t\t\t<div class=\"elementor-widget-container\">\n\t\t\t\t\t\t\t\t\t\t\t\t\t\t\t\t<a href=\"https:\/\/sp-niemcz.edu.pl\/index.php\/projekty\/\">\n\t\t\t\t\t\t\t<img loading=\"lazy\" decoding=\"async\" width=\"820\" height=\"560\" src=\"https:\/\/sp-niemcz.edu.pl\/wp-content\/uploads\/2025\/09\/logoetwinning.jpg\" class=\"attachment-large size-large wp-image-3843\" alt=\"\" srcset=\"https:\/\/sp-niemcz.edu.pl\/wp-content\/uploads\/2025\/09\/logoetwinning.jpg 820w, https:\/\/sp-niemcz.edu.pl\/wp-content\/uploads\/2025\/09\/logoetwinning-300x205.jpg 300w, https:\/\/sp-niemcz.edu.pl\/wp-content\/uploads\/2025\/09\/logoetwinning-768x524.jpg 768w\" sizes=\"(max-width: 820px) 100vw, 820px\" \/>\t\t\t\t\t\t\t\t<\/a>\n\t\t\t\t\t\t\t\t\t\t\t\t\t\t\t<\/div>\n\t\t\t\t<\/div>\n\t\t\t\t\t<\/div>\n\t\t<\/div>\n\t\t\t\t\t<\/div>\n\t\t<\/section>\n\t\t\t\t<\/div>\n\t\t","protected":false},"excerpt":{"rendered":"<p>WITAMY SZKO\u0141A PODSTAWOWAIM. AGATY MR\u00d3Z W NIEMCZU Szko\u0142a to miejsce, gdzie uczniowie zdobywaj\u0105 wiedz\u0119 i umiej\u0119tno\u015bci, kt\u00f3re s\u0105 niezb\u0119dne w \u017cyciu. W naszej szkole uczniowie maj\u0105 okazj\u0119 pozna\u0107 nowych ludzi, nawi\u0105za\u0107 przyja\u017anie i rozwija\u0107 swoje zainteresowania. Aktualno\u015bci Wa\u017cne Redaktor BIPJacek Michalski52 3813623dyrektor@sp-niemcz.edu.pl<\/p>\n","protected":false},"author":1,"featured_media":0,"parent":0,"menu_order":0,"comment_status":"closed","ping_status":"closed","template":"","meta":{"site-sidebar-layout":"no-sidebar","site-content-layout":"page-builder","ast-site-content-layout":"","site-content-style":"default","site-sidebar-style":"default","ast-global-header-display":"","ast-banner-title-visibility":"","ast-main-header-display":"","ast-hfb-above-header-display":"","ast-hfb-below-header-display":"","ast-hfb-mobile-header-display":"","site-post-title":"disabled","ast-breadcrumbs-content":"","ast-featured-img":"disabled","footer-sml-layout":"","theme-transparent-header-meta":"enabled","adv-header-id-meta":"","stick-header-meta":"","header-above-stick-meta":"","header-main-stick-meta":"","header-below-stick-meta":"","astra-migrate-meta-layouts":"default","ast-page-background-enabled":"default","ast-page-background-meta":{"desktop":{"background-color":"var(--ast-global-color-4)","background-image":"","background-repeat":"repeat","background-position":"center center","background-size":"auto","background-attachment":"scroll","background-type":"","background-media":"","overlay-type":"","overlay-color":"","overlay-opacity":"","overlay-gradient":""},"tablet":{"background-color":"","background-image":"","background-repeat":"repeat","background-position":"center center","background-size":"auto","background-attachment":"scroll","background-type":"","background-media":"","overlay-type":"","overlay-color":"","overlay-opacity":"","overlay-gradient":""},"mobile":{"background-color":"","background-image":"","background-repeat":"repeat","background-position":"center center","background-size":"auto","background-attachment":"scroll","background-type":"","background-media":"","overlay-type":"","overlay-color":"","overlay-opacity":"","overlay-gradient":""}},"ast-content-background-meta":{"desktop":{"background-color":"var(--ast-global-color-5)","background-image":"","background-repeat":"repeat","background-position":"center center","background-size":"auto","background-attachment":"scroll","background-type":"","background-media":"","overlay-type":"","overlay-color":"","overlay-opacity":"","overlay-gradient":""},"tablet":{"background-color":"var(--ast-global-color-5)","background-image":"","background-repeat":"repeat","background-position":"center center","background-size":"auto","background-attachment":"scroll","background-type":"","background-media":"","overlay-type":"","overlay-color":"","overlay-opacity":"","overlay-gradient":""},"mobile":{"background-color":"var(--ast-global-color-5)","background-image":"","background-repeat":"repeat","background-position":"center center","background-size":"auto","background-attachment":"scroll","background-type":"","background-media":"","overlay-type":"","overlay-color":"","overlay-opacity":"","overlay-gradient":""}},"footnotes":""},"class_list":["post-1412","page","type-page","status-publish","hentry"],"_links":{"self":[{"href":"https:\/\/sp-niemcz.edu.pl\/index.php\/wp-json\/wp\/v2\/pages\/1412","targetHints":{"allow":["GET"]}}],"collection":[{"href":"https:\/\/sp-niemcz.edu.pl\/index.php\/wp-json\/wp\/v2\/pages"}],"about":[{"href":"https:\/\/sp-niemcz.edu.pl\/index.php\/wp-json\/wp\/v2\/types\/page"}],"author":[{"embeddable":true,"href":"https:\/\/sp-niemcz.edu.pl\/index.php\/wp-json\/wp\/v2\/users\/1"}],"replies":[{"embeddable":true,"href":"https:\/\/sp-niemcz.edu.pl\/index.php\/wp-json\/wp\/v2\/comments?post=1412"}],"version-history":[{"count":110,"href":"https:\/\/sp-niemcz.edu.pl\/index.php\/wp-json\/wp\/v2\/pages\/1412\/revisions"}],"predecessor-version":[{"id":3909,"href":"https:\/\/sp-niemcz.edu.pl\/index.php\/wp-json\/wp\/v2\/pages\/1412\/revisions\/3909"}],"wp:attachment":[{"href":"https:\/\/sp-niemcz.edu.pl\/index.php\/wp-json\/wp\/v2\/media?parent=1412"}],"curies":[{"name":"wp","href":"https:\/\/api.w.org\/{rel}","templated":true}]}}