{"id":1595,"date":"2023-04-17T15:53:02","date_gmt":"2023-04-17T13:53:02","guid":{"rendered":"http:\/\/sp-niemcz.edu.pl\/?page_id=1595"},"modified":"2023-04-21T12:29:04","modified_gmt":"2023-04-21T10:29:04","slug":"o-szkole","status":"publish","type":"page","link":"https:\/\/sp-niemcz.edu.pl\/index.php\/o-szkole\/","title":{"rendered":"O SZKOLE"},"content":{"rendered":"\t\t<div data-elementor-type=\"wp-page\" data-elementor-id=\"1595\" class=\"elementor elementor-1595\">\n\t\t\t\t\t\t<section class=\"elementor-section elementor-top-section elementor-element elementor-element-54ffba5 elementor-section-boxed elementor-section-height-default elementor-section-height-default\" data-id=\"54ffba5\" data-element_type=\"section\">\n\t\t\t\t\t\t<div class=\"elementor-container elementor-column-gap-default\">\n\t\t\t\t\t<div class=\"elementor-column elementor-col-100 elementor-top-column elementor-element elementor-element-8bac374\" data-id=\"8bac374\" data-element_type=\"column\">\n\t\t\t<div class=\"elementor-widget-wrap elementor-element-populated\">\n\t\t\t\t\t\t<div class=\"elementor-element elementor-element-37395ca elementor-align-center elementor-widget elementor-widget-button\" data-id=\"37395ca\" data-element_type=\"widget\" data-widget_type=\"button.default\">\n\t\t\t\t<div class=\"elementor-widget-container\">\n\t\t\t\t\t\t\t\t\t<div class=\"elementor-button-wrapper\">\n\t\t\t\t\t<a class=\"elementor-button elementor-button-link elementor-size-sm\" href=\"https:\/\/spamrozniemcz-my.sharepoint.com\/:f:\/g\/personal\/niemcz_spamrozniemcz_onmicrosoft_com\/EsM0N2_H5VFOietO6UksYr0B7LyqmIVikvj-jeL43GPOHA?e=LlFOas\">\n\t\t\t\t\t\t<span class=\"elementor-button-content-wrapper\">\n\t\t\t\t\t\t\t\t\t<span class=\"elementor-button-text\">KRONIKI SZKO\u0141Y<\/span>\n\t\t\t\t\t<\/span>\n\t\t\t\t\t<\/a>\n\t\t\t\t<\/div>\n\t\t\t\t\t\t\t\t<\/div>\n\t\t\t\t<\/div>\n\t\t\t\t\t<\/div>\n\t\t<\/div>\n\t\t\t\t\t<\/div>\n\t\t<\/section>\n\t\t\t\t<section class=\"elementor-section elementor-top-section elementor-element elementor-element-dfbce8d elementor-section-boxed elementor-section-height-default elementor-section-height-default\" data-id=\"dfbce8d\" data-element_type=\"section\">\n\t\t\t\t\t\t<div class=\"elementor-container elementor-column-gap-default\">\n\t\t\t\t\t<div class=\"elementor-column elementor-col-100 elementor-top-column elementor-element elementor-element-6ceea1c\" data-id=\"6ceea1c\" data-element_type=\"column\">\n\t\t\t<div class=\"elementor-widget-wrap elementor-element-populated\">\n\t\t\t\t\t\t<div class=\"elementor-element elementor-element-85d8542 elementor-widget elementor-widget-text-editor\" data-id=\"85d8542\" data-element_type=\"widget\" data-widget_type=\"text-editor.default\">\n\t\t\t\t<div class=\"elementor-widget-container\">\n\t\t\t\t\t\t\t\t\t<h5>HISTORIA NASZEJ SZKO\u0141Y<\/h5><p>Starania o za\u0142o\u017cenie szko\u0142y mieszka\u0144cy Niemcza podj\u0119li w <strong>1835 roku.<\/strong> Ucz\u0119szcza\u0107 mieli do niej uczniowie z Niemcza, Maksymilianowa, Rynkowa oraz My\u015bl\u0119cinka. Petycja Niemczan zosta\u0142a jednak zablokowana przez proboszcza z Osielska, kt\u00f3ry by\u0142 inspektorem tamtejszej plac\u00f3wki i nie chcia\u0142, aby blisko 90 uczni\u00f3w (katolik\u00f3w i ewangelik\u00f3w) opu\u015bci\u0142o mury jego szko\u0142y.<br \/>Ostatecznie elementarn\u0105 szko\u0142\u0119 katolick\u0105 pobudowano w latach <strong>1873-1876 za sum\u0119 7723 marek.<\/strong> Ucz\u0119szcza\u0142o do niej <strong>84 dzieci<\/strong> (25 ewangelik\u00f3w i 59 katolik\u00f3w), kt\u00f3re uczy\u0142y si\u0119 tylko w dw\u00f3ch klasach na poziomach: wy\u017cszym i ni\u017cszym. <strong>W 1900<\/strong> do tych klas ucz\u0119szcza\u0142o ju\u017c <strong>131 uczni\u00f3w<\/strong>. Szko\u0142a by\u0142a przepe\u0142niona. Ewangelicy utworzyli wi\u0119c w <strong>1900 roku<\/strong> odr\u0119bn\u0105 szko\u0142\u0119 dla swoich dzieci, kt\u00f3ra funkcjonowa\u0142a do <strong>1921 roku.<\/strong> W<strong> 1909 roku<\/strong> w szkole katolickiej uczy\u0142o si\u0119 <strong>94 uczni\u00f3w<\/strong> (47 dziewczynek i 47 ch\u0142opc\u00f3w) w czterech klasach na trzech poziomach.<br \/>Po odzyskaniu przez Polsk\u0119 niepodleg\u0142o\u015bci Publiczna Szko\u0142a Powszechna w Niemczu kszta\u0142ci\u0142a<strong> oko\u0142o stu uczni\u00f3w<\/strong> w ka\u017cdym roku szkolnym na czterech poziomach edukacyjnych (klasa I obejmowa\u0142a rok nauki, klasa II &#8211; r\u00f3wnie\u017c rok, klasa III \u2013 dwa lata, a klasa IV trzy lata).<br \/>Po drugiej wojnie \u015bwiatowej przywr\u00f3cono dzia\u0142alno\u015b\u0107 Szko\u0142y Podstawowej w Niemczu. Corocznie ucz\u0119szcza\u0142o do niej \u2013 podobnie jak w okresie mi\u0119dzywojennym- oko\u0142o stu uczni\u00f3w. Zmienione wymagania organizacyjne wobec szk\u00f3\u0142 spowodowa\u0142y, \u017ce nauka odbywa\u0142a si\u0119 <strong>w dw\u00f3ch budynkach: przy ul. Smukalskiej i w obecnej lokalizacji.<\/strong> W latach sze\u015b\u0107dziesi\u0105tych zapad\u0142a wi\u0119c decyzja o rozbudowie plac\u00f3wki przy ulicy Bydgoskiej. Przy ogromnym wsparciu mieszka\u0144c\u00f3w Niemcza i samych uczni\u00f3w <strong>w 1968<\/strong> udost\u0119pniono na potrzeby szko\u0142y now\u0105 cz\u0119\u015b\u0107 budynku.<br \/>W pocz\u0105tkach XXI wieku w zwi\u0105zku z du\u017cym nap\u0142ywem ludno\u015bci konieczna sta\u0142a si\u0119 ponowna rozbudowa plac\u00f3wki. <strong>W 2011 roku oddano do u\u017cytku dla 258 uczni\u00f3w<\/strong> pi\u0119trowy budynek zbudowany na miejscu poprzedniego. Zmiany systemu szkolnictwa w 2016 roku spowodowa\u0142y, \u017ce i ten budynek okaza\u0142 si\u0119 niewystarczaj\u0105cy. <strong>W 2018<\/strong> roku zapad\u0142a decyzja o budowie nowego budynku dla Szko\u0142y Podstawowej w Niemczu w innej lokalizacji.<br \/>Obecnie do szko\u0142y ucz\u0119szcza <strong>ponad 500 uczni\u00f3w.<\/strong><\/p>\t\t\t\t\t\t\t\t<\/div>\n\t\t\t\t<\/div>\n\t\t\t\t\t<\/div>\n\t\t<\/div>\n\t\t\t\t\t<\/div>\n\t\t<\/section>\n\t\t\t\t<section class=\"elementor-section elementor-top-section elementor-element elementor-element-279f713 elementor-section-boxed elementor-section-height-default elementor-section-height-default\" data-id=\"279f713\" data-element_type=\"section\">\n\t\t\t\t\t\t<div class=\"elementor-container elementor-column-gap-default\">\n\t\t\t\t\t<div class=\"elementor-column elementor-col-100 elementor-top-column elementor-element elementor-element-91ca3b3\" data-id=\"91ca3b3\" data-element_type=\"column\">\n\t\t\t<div class=\"elementor-widget-wrap elementor-element-populated\">\n\t\t\t\t\t\t<div class=\"elementor-element elementor-element-437c456 gallery-spacing-custom elementor-widget elementor-widget-image-gallery\" data-id=\"437c456\" data-element_type=\"widget\" data-widget_type=\"image-gallery.default\">\n\t\t\t\t<div class=\"elementor-widget-container\">\n\t\t\t\t\t\t\t<div class=\"elementor-image-gallery\">\n\t\t\t<div id='gallery-1' class='gallery galleryid-1595 gallery-columns-3 gallery-size-medium_large'><figure class='gallery-item'>\n\t\t\t<div class='gallery-icon landscape'>\n\t\t\t\t<a data-elementor-open-lightbox=\"yes\" data-elementor-lightbox-slideshow=\"437c456\" data-elementor-lightbox-title=\"NIEMCZ SKAN 1\" data-e-action-hash=\"#elementor-action%3Aaction%3Dlightbox%26settings%3DeyJpZCI6MTU2OSwidXJsIjoiaHR0cHM6XC9cL3NwLW5pZW1jei5lZHUucGxcL3dwLWNvbnRlbnRcL3VwbG9hZHNcLzIwMjNcLzA0XC9OSUVNQ1otU0tBTi0xLmpwZWciLCJzbGlkZXNob3ciOiI0MzdjNDU2In0%3D\" href='https:\/\/sp-niemcz.edu.pl\/wp-content\/uploads\/2023\/04\/NIEMCZ-SKAN-1.jpeg'><img fetchpriority=\"high\" decoding=\"async\" width=\"768\" height=\"523\" src=\"https:\/\/sp-niemcz.edu.pl\/wp-content\/uploads\/2023\/04\/NIEMCZ-SKAN-1-768x523.jpeg\" class=\"attachment-medium_large size-medium_large\" alt=\"\" aria-describedby=\"gallery-1-1569\" srcset=\"https:\/\/sp-niemcz.edu.pl\/wp-content\/uploads\/2023\/04\/NIEMCZ-SKAN-1-768x523.jpeg 768w, https:\/\/sp-niemcz.edu.pl\/wp-content\/uploads\/2023\/04\/NIEMCZ-SKAN-1-300x204.jpeg 300w, https:\/\/sp-niemcz.edu.pl\/wp-content\/uploads\/2023\/04\/NIEMCZ-SKAN-1.jpeg 980w\" sizes=\"(max-width: 768px) 100vw, 768px\" \/><\/a>\n\t\t\t<\/div>\n\t\t\t\t<figcaption class='wp-caption-text gallery-caption' id='gallery-1-1569'>\n\t\t\t\tSzko\u0142a do 1967 r.\n\t\t\t\t<\/figcaption><\/figure><figure class='gallery-item'>\n\t\t\t<div class='gallery-icon landscape'>\n\t\t\t\t<a data-elementor-open-lightbox=\"yes\" data-elementor-lightbox-slideshow=\"437c456\" data-elementor-lightbox-title=\"smukalskaszkola\" data-e-action-hash=\"#elementor-action%3Aaction%3Dlightbox%26settings%3DeyJpZCI6MTY4MCwidXJsIjoiaHR0cHM6XC9cL3NwLW5pZW1jei5lZHUucGxcL3dwLWNvbnRlbnRcL3VwbG9hZHNcLzIwMjNcLzA0XC9zbXVrYWxza2FzemtvbGEuanBlZyIsInNsaWRlc2hvdyI6IjQzN2M0NTYifQ%3D%3D\" href='https:\/\/sp-niemcz.edu.pl\/wp-content\/uploads\/2023\/04\/smukalskaszkola.jpeg'><img decoding=\"async\" width=\"768\" height=\"522\" src=\"https:\/\/sp-niemcz.edu.pl\/wp-content\/uploads\/2023\/04\/smukalskaszkola-768x522.jpeg\" class=\"attachment-medium_large size-medium_large\" alt=\"\" aria-describedby=\"gallery-1-1680\" srcset=\"https:\/\/sp-niemcz.edu.pl\/wp-content\/uploads\/2023\/04\/smukalskaszkola-768x522.jpeg 768w, https:\/\/sp-niemcz.edu.pl\/wp-content\/uploads\/2023\/04\/smukalskaszkola-300x204.jpeg 300w, https:\/\/sp-niemcz.edu.pl\/wp-content\/uploads\/2023\/04\/smukalskaszkola.jpeg 894w\" sizes=\"(max-width: 768px) 100vw, 768px\" \/><\/a>\n\t\t\t<\/div>\n\t\t\t\t<figcaption class='wp-caption-text gallery-caption' id='gallery-1-1680'>\n\t\t\t\tSzko\u0142a do 1967 r.\n\t\t\t\t<\/figcaption><\/figure><figure class='gallery-item'>\n\t\t\t<div class='gallery-icon landscape'>\n\t\t\t\t<a data-elementor-open-lightbox=\"yes\" data-elementor-lightbox-slideshow=\"437c456\" data-elementor-lightbox-title=\"NIEMCZ SKAN 2\" data-e-action-hash=\"#elementor-action%3Aaction%3Dlightbox%26settings%3DeyJpZCI6MTY3OSwidXJsIjoiaHR0cHM6XC9cL3NwLW5pZW1jei5lZHUucGxcL3dwLWNvbnRlbnRcL3VwbG9hZHNcLzIwMjNcLzA0XC9OSUVNQ1otU0tBTi0yLmpwZWciLCJzbGlkZXNob3ciOiI0MzdjNDU2In0%3D\" href='https:\/\/sp-niemcz.edu.pl\/wp-content\/uploads\/2023\/04\/NIEMCZ-SKAN-2.jpeg'><img decoding=\"async\" width=\"768\" height=\"523\" src=\"https:\/\/sp-niemcz.edu.pl\/wp-content\/uploads\/2023\/04\/NIEMCZ-SKAN-2-768x523.jpeg\" class=\"attachment-medium_large size-medium_large\" alt=\"\" aria-describedby=\"gallery-1-1679\" srcset=\"https:\/\/sp-niemcz.edu.pl\/wp-content\/uploads\/2023\/04\/NIEMCZ-SKAN-2-768x523.jpeg 768w, https:\/\/sp-niemcz.edu.pl\/wp-content\/uploads\/2023\/04\/NIEMCZ-SKAN-2-300x204.jpeg 300w, https:\/\/sp-niemcz.edu.pl\/wp-content\/uploads\/2023\/04\/NIEMCZ-SKAN-2.jpeg 980w\" sizes=\"(max-width: 768px) 100vw, 768px\" \/><\/a>\n\t\t\t<\/div>\n\t\t\t\t<figcaption class='wp-caption-text gallery-caption' id='gallery-1-1679'>\n\t\t\t\tSzko\u0142a po 1967 r.\n\t\t\t\t<\/figcaption><\/figure>\n\t\t<\/div>\n\t\t<\/div>\n\t\t\t\t\t\t<\/div>\n\t\t\t\t<\/div>\n\t\t\t\t\t<\/div>\n\t\t<\/div>\n\t\t\t\t\t<\/div>\n\t\t<\/section>\n\t\t\t\t<section class=\"elementor-section elementor-top-section elementor-element elementor-element-5222a4e elementor-section-boxed elementor-section-height-default elementor-section-height-default\" data-id=\"5222a4e\" data-element_type=\"section\">\n\t\t\t\t\t\t<div class=\"elementor-container elementor-column-gap-default\">\n\t\t\t\t\t<div class=\"elementor-column elementor-col-100 elementor-top-column elementor-element elementor-element-17a74ac\" data-id=\"17a74ac\" data-element_type=\"column\">\n\t\t\t<div class=\"elementor-widget-wrap elementor-element-populated\">\n\t\t\t\t\t\t<div class=\"elementor-element elementor-element-0bfa124 elementor-widget elementor-widget-image\" data-id=\"0bfa124\" data-element_type=\"widget\" data-widget_type=\"image.default\">\n\t\t\t\t<div class=\"elementor-widget-container\">\n\t\t\t\t\t\t\t\t\t\t\t\t<figure class=\"wp-caption\">\n\t\t\t\t\t\t\t\t\t\t<img loading=\"lazy\" decoding=\"async\" width=\"892\" height=\"489\" src=\"https:\/\/sp-niemcz.edu.pl\/wp-content\/uploads\/2023\/04\/nowaszkola.jpeg\" class=\"attachment-large size-large wp-image-1570\" alt=\"\" srcset=\"https:\/\/sp-niemcz.edu.pl\/wp-content\/uploads\/2023\/04\/nowaszkola.jpeg 892w, https:\/\/sp-niemcz.edu.pl\/wp-content\/uploads\/2023\/04\/nowaszkola-300x164.jpeg 300w, https:\/\/sp-niemcz.edu.pl\/wp-content\/uploads\/2023\/04\/nowaszkola-768x421.jpeg 768w\" sizes=\"(max-width: 892px) 100vw, 892px\" \/>\t\t\t\t\t\t\t\t\t\t\t<figcaption class=\"widget-image-caption wp-caption-text\">Szko\u0142a po 2011 r.<\/figcaption>\n\t\t\t\t\t\t\t\t\t\t<\/figure>\n\t\t\t\t\t\t\t\t\t<\/div>\n\t\t\t\t<\/div>\n\t\t\t\t\t<\/div>\n\t\t<\/div>\n\t\t\t\t\t<\/div>\n\t\t<\/section>\n\t\t\t\t<\/div>\n\t\t","protected":false},"excerpt":{"rendered":"<p>KRONIKI SZKO\u0141Y HISTORIA NASZEJ SZKO\u0141Y Starania o za\u0142o\u017cenie szko\u0142y mieszka\u0144cy Niemcza podj\u0119li w 1835 roku. Ucz\u0119szcza\u0107 mieli do niej uczniowie z Niemcza, Maksymilianowa, Rynkowa oraz My\u015bl\u0119cinka. Petycja Niemczan zosta\u0142a jednak zablokowana przez proboszcza z Osielska, kt\u00f3ry by\u0142 inspektorem tamtejszej plac\u00f3wki i nie chcia\u0142, aby blisko 90 uczni\u00f3w (katolik\u00f3w i ewangelik\u00f3w) opu\u015bci\u0142o mury jego szko\u0142y.Ostatecznie elementarn\u0105 [&hellip;]<\/p>\n","protected":false},"author":1,"featured_media":0,"parent":0,"menu_order":0,"comment_status":"closed","ping_status":"closed","template":"","meta":{"site-sidebar-layout":"no-sidebar","site-content-layout":"page-builder","ast-site-content-layout":"","site-content-style":"default","site-sidebar-style":"default","ast-global-header-display":"","ast-banner-title-visibility":"","ast-main-header-display":"","ast-hfb-above-header-display":"","ast-hfb-below-header-display":"","ast-hfb-mobile-header-display":"","site-post-title":"disabled","ast-breadcrumbs-content":"","ast-featured-img":"disabled","footer-sml-layout":"","theme-transparent-header-meta":"","adv-header-id-meta":"","stick-header-meta":"","header-above-stick-meta":"","header-main-stick-meta":"","header-below-stick-meta":"","astra-migrate-meta-layouts":"default","ast-page-background-enabled":"default","ast-page-background-meta":{"desktop":{"background-color":"var(--ast-global-color-4)","background-image":"","background-repeat":"repeat","background-position":"center center","background-size":"auto","background-attachment":"scroll","background-type":"","background-media":"","overlay-type":"","overlay-color":"","overlay-opacity":"","overlay-gradient":""},"tablet":{"background-color":"","background-image":"","background-repeat":"repeat","background-position":"center center","background-size":"auto","background-attachment":"scroll","background-type":"","background-media":"","overlay-type":"","overlay-color":"","overlay-opacity":"","overlay-gradient":""},"mobile":{"background-color":"","background-image":"","background-repeat":"repeat","background-position":"center center","background-size":"auto","background-attachment":"scroll","background-type":"","background-media":"","overlay-type":"","overlay-color":"","overlay-opacity":"","overlay-gradient":""}},"ast-content-background-meta":{"desktop":{"background-color":"var(--ast-global-color-5)","background-image":"","background-repeat":"repeat","background-position":"center center","background-size":"auto","background-attachment":"scroll","background-type":"","background-media":"","overlay-type":"","overlay-color":"","overlay-opacity":"","overlay-gradient":""},"tablet":{"background-color":"var(--ast-global-color-5)","background-image":"","background-repeat":"repeat","background-position":"center center","background-size":"auto","background-attachment":"scroll","background-type":"","background-media":"","overlay-type":"","overlay-color":"","overlay-opacity":"","overlay-gradient":""},"mobile":{"background-color":"var(--ast-global-color-5)","background-image":"","background-repeat":"repeat","background-position":"center center","background-size":"auto","background-attachment":"scroll","background-type":"","background-media":"","overlay-type":"","overlay-color":"","overlay-opacity":"","overlay-gradient":""}},"footnotes":""},"class_list":["post-1595","page","type-page","status-publish","hentry"],"_links":{"self":[{"href":"https:\/\/sp-niemcz.edu.pl\/index.php\/wp-json\/wp\/v2\/pages\/1595","targetHints":{"allow":["GET"]}}],"collection":[{"href":"https:\/\/sp-niemcz.edu.pl\/index.php\/wp-json\/wp\/v2\/pages"}],"about":[{"href":"https:\/\/sp-niemcz.edu.pl\/index.php\/wp-json\/wp\/v2\/types\/page"}],"author":[{"embeddable":true,"href":"https:\/\/sp-niemcz.edu.pl\/index.php\/wp-json\/wp\/v2\/users\/1"}],"replies":[{"embeddable":true,"href":"https:\/\/sp-niemcz.edu.pl\/index.php\/wp-json\/wp\/v2\/comments?post=1595"}],"version-history":[{"count":31,"href":"https:\/\/sp-niemcz.edu.pl\/index.php\/wp-json\/wp\/v2\/pages\/1595\/revisions"}],"predecessor-version":[{"id":2014,"href":"https:\/\/sp-niemcz.edu.pl\/index.php\/wp-json\/wp\/v2\/pages\/1595\/revisions\/2014"}],"wp:attachment":[{"href":"https:\/\/sp-niemcz.edu.pl\/index.php\/wp-json\/wp\/v2\/media?parent=1595"}],"curies":[{"name":"wp","href":"https:\/\/api.w.org\/{rel}","templated":true}]}}