{"id":1772,"date":"2023-04-17T22:45:32","date_gmt":"2023-04-17T20:45:32","guid":{"rendered":"http:\/\/sp-niemcz.edu.pl\/?page_id=1772"},"modified":"2026-04-27T11:20:41","modified_gmt":"2026-04-27T09:20:41","slug":"stolowka","status":"publish","type":"page","link":"https:\/\/sp-niemcz.edu.pl\/index.php\/stolowka\/","title":{"rendered":"STO\u0141\u00d3WKA"},"content":{"rendered":"\t\t<div data-elementor-type=\"wp-page\" data-elementor-id=\"1772\" class=\"elementor elementor-1772\">\n\t\t\t\t\t\t<section class=\"elementor-section elementor-top-section elementor-element elementor-element-d51070a elementor-section-boxed elementor-section-height-default elementor-section-height-default\" data-id=\"d51070a\" data-element_type=\"section\">\n\t\t\t\t\t\t<div class=\"elementor-container elementor-column-gap-default\">\n\t\t\t\t\t<div class=\"elementor-column elementor-col-100 elementor-top-column elementor-element elementor-element-b925671\" data-id=\"b925671\" data-element_type=\"column\">\n\t\t\t<div class=\"elementor-widget-wrap elementor-element-populated\">\n\t\t\t\t\t\t<div class=\"elementor-element elementor-element-f9bb2bf elementor-widget elementor-widget-text-editor\" data-id=\"f9bb2bf\" data-element_type=\"widget\" data-widget_type=\"text-editor.default\">\n\t\t\t\t<div class=\"elementor-widget-container\">\n\t\t\t\t\t\t\t\t\t<h5>JAD\u0141OSPIS\u00a0<\/h5>\t\t\t\t\t\t\t\t<\/div>\n\t\t\t\t<\/div>\n\t\t\t\t\t<\/div>\n\t\t<\/div>\n\t\t\t\t\t<\/div>\n\t\t<\/section>\n\t\t\t\t<section class=\"elementor-section elementor-top-section elementor-element elementor-element-99c7c7f elementor-section-boxed elementor-section-height-default elementor-section-height-default\" data-id=\"99c7c7f\" data-element_type=\"section\">\n\t\t\t\t\t\t<div class=\"elementor-container elementor-column-gap-default\">\n\t\t\t\t\t<div class=\"elementor-column elementor-col-100 elementor-top-column elementor-element elementor-element-756b6ca\" data-id=\"756b6ca\" data-element_type=\"column\">\n\t\t\t<div class=\"elementor-widget-wrap elementor-element-populated\">\n\t\t\t\t\t\t<div class=\"elementor-element elementor-element-18bf433 elementor-widget elementor-widget-image\" data-id=\"18bf433\" data-element_type=\"widget\" data-widget_type=\"image.default\">\n\t\t\t\t<div class=\"elementor-widget-container\">\n\t\t\t\t\t\t\t\t\t\t\t\t\t\t\t<img fetchpriority=\"high\" decoding=\"async\" width=\"1024\" height=\"682\" src=\"https:\/\/sp-niemcz.edu.pl\/wp-content\/uploads\/2023\/10\/spinach-nature-chicken-791629-1024x682.jpg\" class=\"attachment-large size-large wp-image-2302\" alt=\"spinach, nature, chicken-791629.jpg\" srcset=\"https:\/\/sp-niemcz.edu.pl\/wp-content\/uploads\/2023\/10\/spinach-nature-chicken-791629-1024x682.jpg 1024w, https:\/\/sp-niemcz.edu.pl\/wp-content\/uploads\/2023\/10\/spinach-nature-chicken-791629-300x200.jpg 300w, https:\/\/sp-niemcz.edu.pl\/wp-content\/uploads\/2023\/10\/spinach-nature-chicken-791629-768x512.jpg 768w, https:\/\/sp-niemcz.edu.pl\/wp-content\/uploads\/2023\/10\/spinach-nature-chicken-791629.jpg 1280w\" sizes=\"(max-width: 1024px) 100vw, 1024px\" \/>\t\t\t\t\t\t\t\t\t\t\t\t\t\t\t<\/div>\n\t\t\t\t<\/div>\n\t\t\t\t\t<\/div>\n\t\t<\/div>\n\t\t\t\t\t<\/div>\n\t\t<\/section>\n\t\t\t\t<section class=\"elementor-section elementor-top-section elementor-element elementor-element-d3eec2e elementor-section-boxed elementor-section-height-default elementor-section-height-default\" data-id=\"d3eec2e\" data-element_type=\"section\">\n\t\t\t\t\t\t<div class=\"elementor-container elementor-column-gap-default\">\n\t\t\t\t\t<div class=\"elementor-column elementor-col-100 elementor-top-column elementor-element elementor-element-7f7b09f\" data-id=\"7f7b09f\" data-element_type=\"column\">\n\t\t\t<div class=\"elementor-widget-wrap elementor-element-populated\">\n\t\t\t\t\t\t<div class=\"elementor-element elementor-element-4de1c07 elementor-widget elementor-widget-image\" data-id=\"4de1c07\" data-element_type=\"widget\" data-widget_type=\"image.default\">\n\t\t\t\t<div class=\"elementor-widget-container\">\n\t\t\t\t\t\t\t\t\t\t\t\t\t\t\t<img decoding=\"async\" width=\"320\" height=\"142\" src=\"https:\/\/sp-niemcz.edu.pl\/wp-content\/uploads\/2025\/09\/21d86430.png\" class=\"attachment-large size-large wp-image-3832\" alt=\"\" srcset=\"https:\/\/sp-niemcz.edu.pl\/wp-content\/uploads\/2025\/09\/21d86430.png 320w, https:\/\/sp-niemcz.edu.pl\/wp-content\/uploads\/2025\/09\/21d86430-300x133.png 300w\" sizes=\"(max-width: 320px) 100vw, 320px\" \/>\t\t\t\t\t\t\t\t\t\t\t\t\t\t\t<\/div>\n\t\t\t\t<\/div>\n\t\t\t\t\t<\/div>\n\t\t<\/div>\n\t\t\t\t\t<\/div>\n\t\t<\/section>\n\t\t\t\t<section class=\"elementor-section elementor-top-section elementor-element elementor-element-0635aeb elementor-section-boxed elementor-section-height-default elementor-section-height-default\" data-id=\"0635aeb\" data-element_type=\"section\">\n\t\t\t\t\t\t<div class=\"elementor-container elementor-column-gap-default\">\n\t\t\t\t\t<div class=\"elementor-column elementor-col-50 elementor-top-column elementor-element elementor-element-267fed7\" data-id=\"267fed7\" data-element_type=\"column\">\n\t\t\t<div class=\"elementor-widget-wrap elementor-element-populated\">\n\t\t\t\t\t\t<div class=\"elementor-element elementor-element-2f0207c elementor-widget elementor-widget-image\" data-id=\"2f0207c\" data-element_type=\"widget\" data-widget_type=\"image.default\">\n\t\t\t\t<div class=\"elementor-widget-container\">\n\t\t\t\t\t\t\t\t\t\t\t\t\t\t\t<img decoding=\"async\" width=\"1080\" height=\"917\" src=\"https:\/\/sp-niemcz.edu.pl\/wp-content\/uploads\/2026\/04\/Screenshot_20260427_111707_All-Document-Reader.jpg\" class=\"attachment-full size-full wp-image-4628\" alt=\"\" srcset=\"https:\/\/sp-niemcz.edu.pl\/wp-content\/uploads\/2026\/04\/Screenshot_20260427_111707_All-Document-Reader.jpg 1080w, https:\/\/sp-niemcz.edu.pl\/wp-content\/uploads\/2026\/04\/Screenshot_20260427_111707_All-Document-Reader-300x255.jpg 300w, https:\/\/sp-niemcz.edu.pl\/wp-content\/uploads\/2026\/04\/Screenshot_20260427_111707_All-Document-Reader-1024x869.jpg 1024w, https:\/\/sp-niemcz.edu.pl\/wp-content\/uploads\/2026\/04\/Screenshot_20260427_111707_All-Document-Reader-768x652.jpg 768w\" sizes=\"(max-width: 1080px) 100vw, 1080px\" \/>\t\t\t\t\t\t\t\t\t\t\t\t\t\t\t<\/div>\n\t\t\t\t<\/div>\n\t\t\t\t\t<\/div>\n\t\t<\/div>\n\t\t\t\t<div class=\"elementor-column elementor-col-50 elementor-top-column elementor-element elementor-element-9f35fbe\" data-id=\"9f35fbe\" data-element_type=\"column\">\n\t\t\t<div class=\"elementor-widget-wrap elementor-element-populated\">\n\t\t\t\t\t\t<div class=\"elementor-element elementor-element-8a0a1b7 elementor-widget elementor-widget-image\" data-id=\"8a0a1b7\" data-element_type=\"widget\" data-widget_type=\"image.default\">\n\t\t\t\t<div class=\"elementor-widget-container\">\n\t\t\t\t\t\t\t\t\t\t\t\t\t\t\t<img loading=\"lazy\" decoding=\"async\" width=\"349\" height=\"591\" src=\"https:\/\/sp-niemcz.edu.pl\/wp-content\/uploads\/2025\/04\/13.04a.png\" class=\"attachment-full size-full wp-image-3528\" alt=\"\" srcset=\"https:\/\/sp-niemcz.edu.pl\/wp-content\/uploads\/2025\/04\/13.04a.png 349w, https:\/\/sp-niemcz.edu.pl\/wp-content\/uploads\/2025\/04\/13.04a-177x300.png 177w\" sizes=\"(max-width: 349px) 100vw, 349px\" \/>\t\t\t\t\t\t\t\t\t\t\t\t\t\t\t<\/div>\n\t\t\t\t<\/div>\n\t\t\t\t\t<\/div>\n\t\t<\/div>\n\t\t\t\t\t<\/div>\n\t\t<\/section>\n\t\t\t\t<section class=\"elementor-section elementor-top-section elementor-element elementor-element-68c04db elementor-section-boxed elementor-section-height-default elementor-section-height-default\" data-id=\"68c04db\" data-element_type=\"section\">\n\t\t\t\t\t\t<div class=\"elementor-container elementor-column-gap-default\">\n\t\t\t\t\t<div class=\"elementor-column elementor-col-100 elementor-top-column elementor-element elementor-element-3657cf4\" data-id=\"3657cf4\" data-element_type=\"column\">\n\t\t\t<div class=\"elementor-widget-wrap\">\n\t\t\t\t\t\t\t<\/div>\n\t\t<\/div>\n\t\t\t\t\t<\/div>\n\t\t<\/section>\n\t\t\t\t<section class=\"elementor-section elementor-top-section elementor-element elementor-element-8a790b7 elementor-section-boxed elementor-section-height-default elementor-section-height-default\" data-id=\"8a790b7\" data-element_type=\"section\">\n\t\t\t\t\t\t<div class=\"elementor-container elementor-column-gap-default\">\n\t\t\t\t\t<div class=\"elementor-column elementor-col-100 elementor-top-column elementor-element elementor-element-3a89c35\" data-id=\"3a89c35\" data-element_type=\"column\">\n\t\t\t<div class=\"elementor-widget-wrap elementor-element-populated\">\n\t\t\t\t\t\t<div class=\"elementor-element elementor-element-2213643 elementor-widget elementor-widget-text-editor\" data-id=\"2213643\" data-element_type=\"widget\" data-widget_type=\"text-editor.default\">\n\t\t\t\t<div class=\"elementor-widget-container\">\n\t\t\t\t\t\t\t\t\t<p>Wp\u0142at za obiady prosimy dokonywa\u0107 tylko na konto: <strong>40 8142 0007 0302 9069 2000 0101<\/strong>. W tytule p\u0142atno\u015bci prosz\u0119 poda\u0107:<strong> imi\u0119, nazwisko dziecka, miesi\u0105c op\u0142aty oraz klas\u0119.<\/strong><\/p>\t\t\t\t\t\t\t\t<\/div>\n\t\t\t\t<\/div>\n\t\t\t\t<div class=\"elementor-element elementor-element-68acc65 elementor-widget elementor-widget-text-editor\" data-id=\"68acc65\" data-element_type=\"widget\" data-widget_type=\"text-editor.default\">\n\t\t\t\t<div class=\"elementor-widget-container\">\n\t\t\t\t\t\t\t\t\t<p><strong>Odp\u0142atno\u015b\u0107 za obiady za miesi\u0105c\u00a0 <u>KWIECIE\u0143\u00a02026r.<\/u><\/strong><\/p><p><strong><u>Dzieci szkolne &#8211;<\/u> 99 z\u0142 ( 18 dni x 5,50 z\u0142),<br \/><\/strong><\/p><p><strong><u>Przedszkole &#8211;<\/u> 298,83 z\u0142 ( 21 dni x 14,23 z\u0142)<\/strong><\/p><p><strong>Termin p\u0142atno\u015bci do 10 kwietnia<\/strong><\/p>\t\t\t\t\t\t\t\t<\/div>\n\t\t\t\t<\/div>\n\t\t\t\t\t<\/div>\n\t\t<\/div>\n\t\t\t\t\t<\/div>\n\t\t<\/section>\n\t\t\t\t<\/div>\n\t\t","protected":false},"excerpt":{"rendered":"<p>JAD\u0141OSPIS\u00a0 Wp\u0142at za obiady prosimy dokonywa\u0107 tylko na konto: 40 8142 0007 0302 9069 2000 0101. W tytule p\u0142atno\u015bci prosz\u0119 poda\u0107: imi\u0119, nazwisko dziecka, miesi\u0105c op\u0142aty oraz klas\u0119. Odp\u0142atno\u015b\u0107 za obiady za miesi\u0105c\u00a0 KWIECIE\u0143\u00a02026r. Dzieci szkolne &#8211; 99 z\u0142 ( 18 dni x 5,50 z\u0142), Przedszkole &#8211; 298,83 z\u0142 ( 21 dni x 14,23 z\u0142) [&hellip;]<\/p>\n","protected":false},"author":1,"featured_media":0,"parent":0,"menu_order":0,"comment_status":"closed","ping_status":"closed","template":"","meta":{"site-sidebar-layout":"no-sidebar","site-content-layout":"page-builder","ast-site-content-layout":"full-width-container","site-content-style":"unboxed","site-sidebar-style":"unboxed","ast-global-header-display":"","ast-banner-title-visibility":"","ast-main-header-display":"","ast-hfb-above-header-display":"","ast-hfb-below-header-display":"","ast-hfb-mobile-header-display":"","site-post-title":"disabled","ast-breadcrumbs-content":"","ast-featured-img":"disabled","footer-sml-layout":"","theme-transparent-header-meta":"","adv-header-id-meta":"","stick-header-meta":"","header-above-stick-meta":"","header-main-stick-meta":"","header-below-stick-meta":"","astra-migrate-meta-layouts":"set","ast-page-background-enabled":"default","ast-page-background-meta":{"desktop":{"background-color":"var(--ast-global-color-4)","background-image":"","background-repeat":"repeat","background-position":"center center","background-size":"auto","background-attachment":"scroll","background-type":"","background-media":"","overlay-type":"","overlay-color":"","overlay-opacity":"","overlay-gradient":""},"tablet":{"background-color":"","background-image":"","background-repeat":"repeat","background-position":"center center","background-size":"auto","background-attachment":"scroll","background-type":"","background-media":"","overlay-type":"","overlay-color":"","overlay-opacity":"","overlay-gradient":""},"mobile":{"background-color":"","background-image":"","background-repeat":"repeat","background-position":"center center","background-size":"auto","background-attachment":"scroll","background-type":"","background-media":"","overlay-type":"","overlay-color":"","overlay-opacity":"","overlay-gradient":""}},"ast-content-background-meta":{"desktop":{"background-color":"var(--ast-global-color-5)","background-image":"","background-repeat":"repeat","background-position":"center center","background-size":"auto","background-attachment":"scroll","background-type":"","background-media":"","overlay-type":"","overlay-color":"","overlay-opacity":"","overlay-gradient":""},"tablet":{"background-color":"var(--ast-global-color-5)","background-image":"","background-repeat":"repeat","background-position":"center center","background-size":"auto","background-attachment":"scroll","background-type":"","background-media":"","overlay-type":"","overlay-color":"","overlay-opacity":"","overlay-gradient":""},"mobile":{"background-color":"var(--ast-global-color-5)","background-image":"","background-repeat":"repeat","background-position":"center center","background-size":"auto","background-attachment":"scroll","background-type":"","background-media":"","overlay-type":"","overlay-color":"","overlay-opacity":"","overlay-gradient":""}},"footnotes":""},"class_list":["post-1772","page","type-page","status-publish","hentry"],"_links":{"self":[{"href":"https:\/\/sp-niemcz.edu.pl\/index.php\/wp-json\/wp\/v2\/pages\/1772","targetHints":{"allow":["GET"]}}],"collection":[{"href":"https:\/\/sp-niemcz.edu.pl\/index.php\/wp-json\/wp\/v2\/pages"}],"about":[{"href":"https:\/\/sp-niemcz.edu.pl\/index.php\/wp-json\/wp\/v2\/types\/page"}],"author":[{"embeddable":true,"href":"https:\/\/sp-niemcz.edu.pl\/index.php\/wp-json\/wp\/v2\/users\/1"}],"replies":[{"embeddable":true,"href":"https:\/\/sp-niemcz.edu.pl\/index.php\/wp-json\/wp\/v2\/comments?post=1772"}],"version-history":[{"count":410,"href":"https:\/\/sp-niemcz.edu.pl\/index.php\/wp-json\/wp\/v2\/pages\/1772\/revisions"}],"predecessor-version":[{"id":4631,"href":"https:\/\/sp-niemcz.edu.pl\/index.php\/wp-json\/wp\/v2\/pages\/1772\/revisions\/4631"}],"wp:attachment":[{"href":"https:\/\/sp-niemcz.edu.pl\/index.php\/wp-json\/wp\/v2\/media?parent=1772"}],"curies":[{"name":"wp","href":"https:\/\/api.w.org\/{rel}","templated":true}]}}