{"id":1885,"date":"2023-04-19T14:36:36","date_gmt":"2023-04-19T12:36:36","guid":{"rendered":"http:\/\/sp-niemcz.edu.pl\/?page_id=1885"},"modified":"2023-04-20T09:44:21","modified_gmt":"2023-04-20T07:44:21","slug":"pielegniarka","status":"publish","type":"page","link":"https:\/\/sp-niemcz.edu.pl\/index.php\/pielegniarka\/","title":{"rendered":"PIEL\u0118GNIARKA"},"content":{"rendered":"\t\t<div data-elementor-type=\"wp-page\" data-elementor-id=\"1885\" class=\"elementor elementor-1885\">\n\t\t\t\t\t\t<section class=\"elementor-section elementor-top-section elementor-element elementor-element-7ce5c56 elementor-section-boxed elementor-section-height-default elementor-section-height-default\" data-id=\"7ce5c56\" data-element_type=\"section\">\n\t\t\t\t\t\t<div class=\"elementor-container elementor-column-gap-default\">\n\t\t\t\t\t<div class=\"elementor-column elementor-col-100 elementor-top-column elementor-element elementor-element-584750d\" data-id=\"584750d\" data-element_type=\"column\">\n\t\t\t<div class=\"elementor-widget-wrap elementor-element-populated\">\n\t\t\t\t\t\t<div class=\"elementor-element elementor-element-afdb356 elementor-widget elementor-widget-text-editor\" data-id=\"afdb356\" data-element_type=\"widget\" data-widget_type=\"text-editor.default\">\n\t\t\t\t<div class=\"elementor-widget-container\">\n\t\t\t\t\t\t\t\t\t<h5>PIEL\u0118GNIARKA SZKOLNA<\/h5>\t\t\t\t\t\t\t\t<\/div>\n\t\t\t\t<\/div>\n\t\t\t\t\t<\/div>\n\t\t<\/div>\n\t\t\t\t\t<\/div>\n\t\t<\/section>\n\t\t\t\t<section class=\"elementor-section elementor-top-section elementor-element elementor-element-c085ece elementor-section-boxed elementor-section-height-default elementor-section-height-default\" data-id=\"c085ece\" data-element_type=\"section\">\n\t\t\t\t\t\t<div class=\"elementor-container elementor-column-gap-default\">\n\t\t\t\t\t<div class=\"elementor-column elementor-col-100 elementor-top-column elementor-element elementor-element-caf2214\" data-id=\"caf2214\" data-element_type=\"column\">\n\t\t\t<div class=\"elementor-widget-wrap elementor-element-populated\">\n\t\t\t\t\t\t<div class=\"elementor-element elementor-element-9efadd7 elementor-widget elementor-widget-text-editor\" data-id=\"9efadd7\" data-element_type=\"widget\" data-widget_type=\"text-editor.default\">\n\t\t\t\t<div class=\"elementor-widget-container\">\n\t\t\t\t\t\t\t\t\t<p style=\"font-weight: 400;\">Maria Miszewska<\/p><h6 style=\"font-weight: 400;\"><strong>Gabinet Profilaktyki i Pomocy Przedlekarskiej czynny:\u00a0<\/strong><\/h6><p style=\"font-weight: 400;\">Poniedzia\u0142ek 7:25 \u2013 15:00<\/p><p style=\"font-weight: 400;\">Wtorek\u00a0\u00a0\u00a0\u00a0\u00a0\u00a0\u00a0\u00a0\u00a0 7:25 \u2013 15:00<\/p><p style=\"font-weight: 400;\">Czwartek\u00a0\u00a0\u00a0\u00a0 11:15 \u2013 15:15<\/p>\t\t\t\t\t\t\t\t<\/div>\n\t\t\t\t<\/div>\n\t\t\t\t\t<\/div>\n\t\t<\/div>\n\t\t\t\t\t<\/div>\n\t\t<\/section>\n\t\t\t\t<section class=\"elementor-section elementor-top-section elementor-element elementor-element-bef09b3 elementor-section-boxed elementor-section-height-default elementor-section-height-default\" data-id=\"bef09b3\" data-element_type=\"section\">\n\t\t\t\t\t\t<div class=\"elementor-container elementor-column-gap-default\">\n\t\t\t\t\t<div class=\"elementor-column elementor-col-50 elementor-top-column elementor-element elementor-element-54bdb8c\" data-id=\"54bdb8c\" data-element_type=\"column\">\n\t\t\t<div class=\"elementor-widget-wrap elementor-element-populated\">\n\t\t\t\t\t\t<div class=\"elementor-element elementor-element-3c96bcc elementor-widget elementor-widget-image\" data-id=\"3c96bcc\" data-element_type=\"widget\" data-widget_type=\"image.default\">\n\t\t\t\t<div class=\"elementor-widget-container\">\n\t\t\t\t\t\t\t\t\t\t\t\t\t\t\t<img fetchpriority=\"high\" decoding=\"async\" width=\"768\" height=\"788\" src=\"https:\/\/sp-niemcz.edu.pl\/wp-content\/uploads\/2023\/04\/medical-health-medicine-5459633-768x788.png\" class=\"attachment-medium_large size-medium_large wp-image-1970\" alt=\"medical, health, medicine-5459633.jpg\" srcset=\"https:\/\/sp-niemcz.edu.pl\/wp-content\/uploads\/2023\/04\/medical-health-medicine-5459633-768x788.png 768w, https:\/\/sp-niemcz.edu.pl\/wp-content\/uploads\/2023\/04\/medical-health-medicine-5459633-292x300.png 292w, https:\/\/sp-niemcz.edu.pl\/wp-content\/uploads\/2023\/04\/medical-health-medicine-5459633-998x1024.png 998w, https:\/\/sp-niemcz.edu.pl\/wp-content\/uploads\/2023\/04\/medical-health-medicine-5459633.png 1247w\" sizes=\"(max-width: 768px) 100vw, 768px\" \/>\t\t\t\t\t\t\t\t\t\t\t\t\t\t\t<\/div>\n\t\t\t\t<\/div>\n\t\t\t\t\t<\/div>\n\t\t<\/div>\n\t\t\t\t<div class=\"elementor-column elementor-col-50 elementor-top-column elementor-element elementor-element-ece6b29\" data-id=\"ece6b29\" data-element_type=\"column\">\n\t\t\t<div class=\"elementor-widget-wrap elementor-element-populated\">\n\t\t\t\t\t\t<div class=\"elementor-element elementor-element-c9cee3e elementor-widget elementor-widget-text-editor\" data-id=\"c9cee3e\" data-element_type=\"widget\" data-widget_type=\"text-editor.default\">\n\t\t\t\t<div class=\"elementor-widget-container\">\n\t\t\t\t\t\t\t\t\t<p style=\"font-weight: 400;\"><strong>G\u0142\u00f3wne zadania piel\u0119gniarki szkolnej obejmuj\u0105 (dla dzieci, kt\u00f3rych rodzice nie wyrazili sprzeciwu obj\u0119cia opiek\u0105 przez piel\u0119gniark\u0119):<\/strong><\/p><ol><li style=\"font-weight: 400;\">Wykonywanie i interpretowanie test\u00f3w przesiewowych uczni\u00f3w (bilanse zdrowia) klas: 0, 1 (ci, kt\u00f3rzy nie mieli wykonanego bilansu jako sze\u015bciolatki) , 3, 5, 7<\/li><li style=\"font-weight: 400;\">Czynne poradnictwo dla uczni\u00f3w z problemami zdrowotnymi,<\/li><li style=\"font-weight: 400;\">Sprawowanie opieki nad uczniami z chorobami przewlek\u0142ymi,<\/li><li style=\"font-weight: 400;\">Udzielanie pomocy przedlekarskiej w wypadku nag\u0142ych zachorowa\u0144, uraz\u00f3w i zatru\u0107,<\/li><li style=\"font-weight: 400;\">Prowadzenie o\u015bwiaty zdrowotnej, a w szczeg\u00f3lno\u015bci edukacja w zakresie zdrowia jamy ustnej,<\/li><li style=\"font-weight: 400;\">Prowadzenie u uczni\u00f3w klasy I \u2013 VI grupowej profilaktyki fluorkowej metod\u0105 nadzorowanego szczotkowania z\u0119b\u00f3w preparatem fluorkowym 6 x w ci\u0105gu roku szkolnego w odst\u0119pach co 6 tygodni.<\/li><\/ol>\t\t\t\t\t\t\t\t<\/div>\n\t\t\t\t<\/div>\n\t\t\t\t\t<\/div>\n\t\t<\/div>\n\t\t\t\t\t<\/div>\n\t\t<\/section>\n\t\t\t\t<\/div>\n\t\t","protected":false},"excerpt":{"rendered":"<p>PIEL\u0118GNIARKA SZKOLNA Maria Miszewska Gabinet Profilaktyki i Pomocy Przedlekarskiej czynny:\u00a0 Poniedzia\u0142ek 7:25 \u2013 15:00 Wtorek\u00a0\u00a0\u00a0\u00a0\u00a0\u00a0\u00a0\u00a0\u00a0 7:25 \u2013 15:00 Czwartek\u00a0\u00a0\u00a0\u00a0 11:15 \u2013 15:15 G\u0142\u00f3wne zadania piel\u0119gniarki szkolnej obejmuj\u0105 (dla dzieci, kt\u00f3rych rodzice nie wyrazili sprzeciwu obj\u0119cia opiek\u0105 przez piel\u0119gniark\u0119): Wykonywanie i interpretowanie test\u00f3w przesiewowych uczni\u00f3w (bilanse zdrowia) klas: 0, 1 (ci, kt\u00f3rzy nie mieli wykonanego bilansu [&hellip;]<\/p>\n","protected":false},"author":1,"featured_media":0,"parent":0,"menu_order":0,"comment_status":"closed","ping_status":"closed","template":"","meta":{"site-sidebar-layout":"no-sidebar","site-content-layout":"page-builder","ast-site-content-layout":"","site-content-style":"default","site-sidebar-style":"default","ast-global-header-display":"","ast-banner-title-visibility":"","ast-main-header-display":"","ast-hfb-above-header-display":"","ast-hfb-below-header-display":"","ast-hfb-mobile-header-display":"","site-post-title":"disabled","ast-breadcrumbs-content":"","ast-featured-img":"disabled","footer-sml-layout":"","theme-transparent-header-meta":"","adv-header-id-meta":"","stick-header-meta":"","header-above-stick-meta":"","header-main-stick-meta":"","header-below-stick-meta":"","astra-migrate-meta-layouts":"default","ast-page-background-enabled":"default","ast-page-background-meta":{"desktop":{"background-color":"var(--ast-global-color-4)","background-image":"","background-repeat":"repeat","background-position":"center center","background-size":"auto","background-attachment":"scroll","background-type":"","background-media":"","overlay-type":"","overlay-color":"","overlay-opacity":"","overlay-gradient":""},"tablet":{"background-color":"","background-image":"","background-repeat":"repeat","background-position":"center center","background-size":"auto","background-attachment":"scroll","background-type":"","background-media":"","overlay-type":"","overlay-color":"","overlay-opacity":"","overlay-gradient":""},"mobile":{"background-color":"","background-image":"","background-repeat":"repeat","background-position":"center center","background-size":"auto","background-attachment":"scroll","background-type":"","background-media":"","overlay-type":"","overlay-color":"","overlay-opacity":"","overlay-gradient":""}},"ast-content-background-meta":{"desktop":{"background-color":"var(--ast-global-color-5)","background-image":"","background-repeat":"repeat","background-position":"center center","background-size":"auto","background-attachment":"scroll","background-type":"","background-media":"","overlay-type":"","overlay-color":"","overlay-opacity":"","overlay-gradient":""},"tablet":{"background-color":"var(--ast-global-color-5)","background-image":"","background-repeat":"repeat","background-position":"center center","background-size":"auto","background-attachment":"scroll","background-type":"","background-media":"","overlay-type":"","overlay-color":"","overlay-opacity":"","overlay-gradient":""},"mobile":{"background-color":"var(--ast-global-color-5)","background-image":"","background-repeat":"repeat","background-position":"center center","background-size":"auto","background-attachment":"scroll","background-type":"","background-media":"","overlay-type":"","overlay-color":"","overlay-opacity":"","overlay-gradient":""}},"footnotes":""},"class_list":["post-1885","page","type-page","status-publish","hentry"],"_links":{"self":[{"href":"https:\/\/sp-niemcz.edu.pl\/index.php\/wp-json\/wp\/v2\/pages\/1885","targetHints":{"allow":["GET"]}}],"collection":[{"href":"https:\/\/sp-niemcz.edu.pl\/index.php\/wp-json\/wp\/v2\/pages"}],"about":[{"href":"https:\/\/sp-niemcz.edu.pl\/index.php\/wp-json\/wp\/v2\/types\/page"}],"author":[{"embeddable":true,"href":"https:\/\/sp-niemcz.edu.pl\/index.php\/wp-json\/wp\/v2\/users\/1"}],"replies":[{"embeddable":true,"href":"https:\/\/sp-niemcz.edu.pl\/index.php\/wp-json\/wp\/v2\/comments?post=1885"}],"version-history":[{"count":7,"href":"https:\/\/sp-niemcz.edu.pl\/index.php\/wp-json\/wp\/v2\/pages\/1885\/revisions"}],"predecessor-version":[{"id":1973,"href":"https:\/\/sp-niemcz.edu.pl\/index.php\/wp-json\/wp\/v2\/pages\/1885\/revisions\/1973"}],"wp:attachment":[{"href":"https:\/\/sp-niemcz.edu.pl\/index.php\/wp-json\/wp\/v2\/media?parent=1885"}],"curies":[{"name":"wp","href":"https:\/\/api.w.org\/{rel}","templated":true}]}}