{"id":2431,"date":"2023-11-08T14:05:02","date_gmt":"2023-11-08T13:05:02","guid":{"rendered":"http:\/\/sp-niemcz.edu.pl\/?page_id=2431"},"modified":"2023-12-31T12:22:47","modified_gmt":"2023-12-31T11:22:47","slug":"psycholog","status":"publish","type":"page","link":"https:\/\/sp-niemcz.edu.pl\/index.php\/psycholog\/","title":{"rendered":"PSYCHOLOG"},"content":{"rendered":"\t\t<div data-elementor-type=\"wp-page\" data-elementor-id=\"2431\" class=\"elementor elementor-2431\">\n\t\t\t\t\t\t<section class=\"elementor-section elementor-top-section elementor-element elementor-element-9562a60 elementor-section-boxed elementor-section-height-default elementor-section-height-default\" data-id=\"9562a60\" data-element_type=\"section\">\n\t\t\t\t\t\t<div class=\"elementor-container elementor-column-gap-default\">\n\t\t\t\t\t<div class=\"elementor-column elementor-col-100 elementor-top-column elementor-element elementor-element-82caf19\" data-id=\"82caf19\" data-element_type=\"column\">\n\t\t\t<div class=\"elementor-widget-wrap elementor-element-populated\">\n\t\t\t\t\t\t<div class=\"elementor-element elementor-element-f0624da elementor-widget elementor-widget-text-editor\" data-id=\"f0624da\" data-element_type=\"widget\" data-widget_type=\"text-editor.default\">\n\t\t\t\t<div class=\"elementor-widget-container\">\n\t\t\t\t\t\t\t\t\t<h5>PSYCHOLOG SZKOLNY<\/h5>\t\t\t\t\t\t\t\t<\/div>\n\t\t\t\t<\/div>\n\t\t\t\t\t<\/div>\n\t\t<\/div>\n\t\t\t\t\t<\/div>\n\t\t<\/section>\n\t\t\t\t<section class=\"elementor-section elementor-top-section elementor-element elementor-element-8c70963 elementor-section-boxed elementor-section-height-default elementor-section-height-default\" data-id=\"8c70963\" data-element_type=\"section\">\n\t\t\t\t\t\t<div class=\"elementor-container elementor-column-gap-default\">\n\t\t\t\t\t<div class=\"elementor-column elementor-col-50 elementor-top-column elementor-element elementor-element-1a2d932\" data-id=\"1a2d932\" data-element_type=\"column\">\n\t\t\t<div class=\"elementor-widget-wrap elementor-element-populated\">\n\t\t\t\t\t\t<div class=\"elementor-element elementor-element-1e4c5e8 elementor-widget elementor-widget-text-editor\" data-id=\"1e4c5e8\" data-element_type=\"widget\" data-widget_type=\"text-editor.default\">\n\t\t\t\t<div class=\"elementor-widget-container\">\n\t\t\t\t\t\t\t\t\t<h6><strong>\u017beby wej\u015b\u0107 nie musisz wiedzie\u0107, co chcesz powiedzie\u0107<\/strong><\/h6><p>W naszej szkole gabinet psychologa i pedagoga to miejsce, gdzie zar\u00f3wno uczniowie jak i rodzice w przyjaznej atmosferze i bezpiecznych warunkach znajd\u0105 zrozumienie, akceptacj\u0119 i uzyskaj\u0105 pomoc w potrzebie. Psycholog szkolny stara si\u0119 zapewni\u0107 uczniom w\u0142a\u015bciw\u0105 pomoc psychologiczn\u0105 na terenie szko\u0142y oraz wspiera rodzic\u00f3w w procesie wychowawczym.<\/p>\t\t\t\t\t\t\t\t<\/div>\n\t\t\t\t<\/div>\n\t\t\t\t\t<\/div>\n\t\t<\/div>\n\t\t\t\t<div class=\"elementor-column elementor-col-50 elementor-top-column elementor-element elementor-element-5280fbc\" data-id=\"5280fbc\" data-element_type=\"column\">\n\t\t\t<div class=\"elementor-widget-wrap elementor-element-populated\">\n\t\t\t\t\t\t<div class=\"elementor-element elementor-element-db7cb20 elementor-widget elementor-widget-text-editor\" data-id=\"db7cb20\" data-element_type=\"widget\" data-widget_type=\"text-editor.default\">\n\t\t\t\t<div class=\"elementor-widget-container\">\n\t\t\t\t\t\t\t\t\t<h6>GODZINY PRACY PSYCHOLOGA<\/h6><p><strong>Wtorek \u00a012:30 &#8211; 16:30<\/strong><\/p><p><strong>\u015aroda 8:00 &#8211; 12:00<\/strong><\/p><p><strong>Czwartek 13:30 &#8211; 17:30<\/strong><\/p><p><strong>Pi\u0105tek 8:00 &#8211; 12:00<\/strong><\/p>\t\t\t\t\t\t\t\t<\/div>\n\t\t\t\t<\/div>\n\t\t\t\t\t<\/div>\n\t\t<\/div>\n\t\t\t\t\t<\/div>\n\t\t<\/section>\n\t\t\t\t<section class=\"elementor-section elementor-top-section elementor-element elementor-element-b048037 elementor-section-boxed elementor-section-height-default elementor-section-height-default\" data-id=\"b048037\" data-element_type=\"section\">\n\t\t\t\t\t\t<div class=\"elementor-container elementor-column-gap-default\">\n\t\t\t\t\t<div class=\"elementor-column elementor-col-100 elementor-top-column elementor-element elementor-element-7030c9b\" data-id=\"7030c9b\" data-element_type=\"column\">\n\t\t\t<div class=\"elementor-widget-wrap elementor-element-populated\">\n\t\t\t\t\t\t<div class=\"elementor-element elementor-element-c4d2e23 elementor-widget-divider--view-line elementor-widget elementor-widget-divider\" data-id=\"c4d2e23\" data-element_type=\"widget\" data-widget_type=\"divider.default\">\n\t\t\t\t<div class=\"elementor-widget-container\">\n\t\t\t\t\t\t\t<div class=\"elementor-divider\">\n\t\t\t<span class=\"elementor-divider-separator\">\n\t\t\t\t\t\t<\/span>\n\t\t<\/div>\n\t\t\t\t\t\t<\/div>\n\t\t\t\t<\/div>\n\t\t\t\t\t<\/div>\n\t\t<\/div>\n\t\t\t\t\t<\/div>\n\t\t<\/section>\n\t\t\t\t<section class=\"elementor-section elementor-top-section elementor-element elementor-element-fa4370d elementor-section-boxed elementor-section-height-default elementor-section-height-default\" data-id=\"fa4370d\" data-element_type=\"section\">\n\t\t\t\t\t\t<div class=\"elementor-container elementor-column-gap-default\">\n\t\t\t\t\t<div class=\"elementor-column elementor-col-100 elementor-top-column elementor-element elementor-element-37b036a\" data-id=\"37b036a\" data-element_type=\"column\">\n\t\t\t<div class=\"elementor-widget-wrap elementor-element-populated\">\n\t\t\t\t\t\t<div class=\"elementor-element elementor-element-61f49e2 elementor-tabs-view-horizontal elementor-widget elementor-widget-tabs\" data-id=\"61f49e2\" data-element_type=\"widget\" data-widget_type=\"tabs.default\">\n\t\t\t\t<div class=\"elementor-widget-container\">\n\t\t\t\t\t\t\t<div class=\"elementor-tabs\">\n\t\t\t<div class=\"elementor-tabs-wrapper\" role=\"tablist\" >\n\t\t\t\t\t\t\t\t\t<div id=\"elementor-tab-title-1021\" class=\"elementor-tab-title elementor-tab-desktop-title\" aria-selected=\"true\" data-tab=\"1\" role=\"tab\" tabindex=\"0\" aria-controls=\"elementor-tab-content-1021\" aria-expanded=\"false\">DLA UCZNIA<\/div>\n\t\t\t\t\t\t\t\t\t<div id=\"elementor-tab-title-1022\" class=\"elementor-tab-title elementor-tab-desktop-title\" aria-selected=\"false\" data-tab=\"2\" role=\"tab\" tabindex=\"-1\" aria-controls=\"elementor-tab-content-1022\" aria-expanded=\"false\">DLA RODZICA<\/div>\n\t\t\t\t\t\t\t<\/div>\n\t\t\t<div class=\"elementor-tabs-content-wrapper\" role=\"tablist\" aria-orientation=\"vertical\">\n\t\t\t\t\t\t\t\t\t<div class=\"elementor-tab-title elementor-tab-mobile-title\" aria-selected=\"true\" data-tab=\"1\" role=\"tab\" tabindex=\"0\" aria-controls=\"elementor-tab-content-1021\" aria-expanded=\"false\">DLA UCZNIA<\/div>\n\t\t\t\t\t<div id=\"elementor-tab-content-1021\" class=\"elementor-tab-content elementor-clearfix\" data-tab=\"1\" role=\"tabpanel\" aria-labelledby=\"elementor-tab-title-1021\" tabindex=\"0\" hidden=\"false\"><ul><li>wspieranie uczni\u00f3w w rozwoju i realizacji marze\u0144, pomoc w rozwini\u0119ciu skrzyde\u0142;<\/li><li>wspieranie uczni\u00f3w w sytuacjach kryzysowych;<\/li><li>rozpoznawanie i wspieranie mocnych stron ucznia;<\/li><li>diagnoza trudno\u015bci emocjonalnych ucznia;<\/li><li>prowadzenie zaj\u0119\u0107 warsztatowych w klasach;<\/li><li>indywidulane rozmowy, spotkania terapeutyczne w razie potrzeb;<\/li><li>przeciwdzia\u0142anie niepowodzeniom szkolnym;<\/li><li>podejmowanie dzia\u0142a\u0144 mediacyjnych w sprawach wychowawczych.<\/li><\/ul><\/div>\n\t\t\t\t\t\t\t\t\t<div class=\"elementor-tab-title elementor-tab-mobile-title\" aria-selected=\"false\" data-tab=\"2\" role=\"tab\" tabindex=\"-1\" aria-controls=\"elementor-tab-content-1022\" aria-expanded=\"false\">DLA RODZICA<\/div>\n\t\t\t\t\t<div id=\"elementor-tab-content-1022\" class=\"elementor-tab-content elementor-clearfix\" data-tab=\"2\" role=\"tabpanel\" aria-labelledby=\"elementor-tab-title-1022\" tabindex=\"0\" hidden=\"hidden\"><ul><li>indywidualne rozmowy;<\/li><li>udzielanie porad i konsultacji w sprawach wychowawczych;<\/li><li>udzielanie wsparcia w trudnych sytuacjach, pomoc w skierowaniu do specjalistycznych plac\u00f3wek;<\/li><li>diagnoza problem\u00f3w i trudno\u015bci dziecka, np. dotycz\u0105ce nauki szkolnej;<\/li><li>udzielanie informacji zwrotnych na temat rozwoju, post\u0119p\u00f3w i funkcjonowania dziecka, ukierunkowywanie oddzia\u0142ywa\u0144 rodzicielskich;<\/li><li>dzia\u0142ania o charakterze psychoedukacyjnym.<\/li><\/ul><\/div>\n\t\t\t\t\t\t\t<\/div>\n\t\t<\/div>\n\t\t\t\t\t\t<\/div>\n\t\t\t\t<\/div>\n\t\t\t\t\t<\/div>\n\t\t<\/div>\n\t\t\t\t\t<\/div>\n\t\t<\/section>\n\t\t\t\t<section class=\"elementor-section elementor-top-section elementor-element elementor-element-a4248c2 elementor-section-boxed elementor-section-height-default elementor-section-height-default\" data-id=\"a4248c2\" data-element_type=\"section\">\n\t\t\t\t\t\t<div class=\"elementor-container elementor-column-gap-default\">\n\t\t\t\t\t<div class=\"elementor-column elementor-col-100 elementor-top-column elementor-element elementor-element-bde3076\" data-id=\"bde3076\" data-element_type=\"column\">\n\t\t\t<div class=\"elementor-widget-wrap elementor-element-populated\">\n\t\t\t\t\t\t<div class=\"elementor-element elementor-element-bedafb8 elementor-widget-divider--view-line elementor-widget elementor-widget-divider\" data-id=\"bedafb8\" data-element_type=\"widget\" data-widget_type=\"divider.default\">\n\t\t\t\t<div class=\"elementor-widget-container\">\n\t\t\t\t\t\t\t<div class=\"elementor-divider\">\n\t\t\t<span class=\"elementor-divider-separator\">\n\t\t\t\t\t\t<\/span>\n\t\t<\/div>\n\t\t\t\t\t\t<\/div>\n\t\t\t\t<\/div>\n\t\t\t\t\t<\/div>\n\t\t<\/div>\n\t\t\t\t\t<\/div>\n\t\t<\/section>\n\t\t\t\t<section class=\"elementor-section elementor-top-section elementor-element elementor-element-6a3075b elementor-section-boxed elementor-section-height-default elementor-section-height-default\" data-id=\"6a3075b\" data-element_type=\"section\">\n\t\t\t\t\t\t<div class=\"elementor-container elementor-column-gap-default\">\n\t\t\t\t\t<div class=\"elementor-column elementor-col-100 elementor-top-column elementor-element elementor-element-5ea2427\" data-id=\"5ea2427\" data-element_type=\"column\">\n\t\t\t<div class=\"elementor-widget-wrap elementor-element-populated\">\n\t\t\t\t\t\t<div class=\"elementor-element elementor-element-0184cf3 elementor-widget elementor-widget-text-editor\" data-id=\"0184cf3\" data-element_type=\"widget\" data-widget_type=\"text-editor.default\">\n\t\t\t\t<div class=\"elementor-widget-container\">\n\t\t\t\t\t\t\t\t\t<p>W\u00a0razie potrzeby konsultacji, om\u00f3wienia problemu, zapraszam do\u00a0kontaktu przez\u00a0e-dziennik. W\u00a0godzinach pracy psycholog znajduje si\u0119 w\u00a0gabinecie lub na\u00a0terenie szko\u0142y. Zach\u0119cam do\u00a0wcze\u015bniejszego um\u00f3wienia si\u0119 na\u00a0spotkania indywidualne.<\/p>\t\t\t\t\t\t\t\t<\/div>\n\t\t\t\t<\/div>\n\t\t\t\t\t<\/div>\n\t\t<\/div>\n\t\t\t\t\t<\/div>\n\t\t<\/section>\n\t\t\t\t<\/div>\n\t\t","protected":false},"excerpt":{"rendered":"<p>PSYCHOLOG SZKOLNY \u017beby wej\u015b\u0107 nie musisz wiedzie\u0107, co chcesz powiedzie\u0107 W naszej szkole gabinet psychologa i pedagoga to miejsce, gdzie zar\u00f3wno uczniowie jak i rodzice w przyjaznej atmosferze i bezpiecznych warunkach znajd\u0105 zrozumienie, akceptacj\u0119 i uzyskaj\u0105 pomoc w potrzebie. Psycholog szkolny stara si\u0119 zapewni\u0107 uczniom w\u0142a\u015bciw\u0105 pomoc psychologiczn\u0105 na terenie szko\u0142y oraz wspiera rodzic\u00f3w w [&hellip;]<\/p>\n","protected":false},"author":1,"featured_media":0,"parent":0,"menu_order":0,"comment_status":"closed","ping_status":"closed","template":"elementor_header_footer","meta":{"site-sidebar-layout":"no-sidebar","site-content-layout":"page-builder","ast-site-content-layout":"","site-content-style":"default","site-sidebar-style":"default","ast-global-header-display":"","ast-banner-title-visibility":"","ast-main-header-display":"","ast-hfb-above-header-display":"","ast-hfb-below-header-display":"","ast-hfb-mobile-header-display":"","site-post-title":"disabled","ast-breadcrumbs-content":"","ast-featured-img":"disabled","footer-sml-layout":"","theme-transparent-header-meta":"","adv-header-id-meta":"","stick-header-meta":"","header-above-stick-meta":"","header-main-stick-meta":"","header-below-stick-meta":"","astra-migrate-meta-layouts":"default","ast-page-background-enabled":"default","ast-page-background-meta":{"desktop":{"background-color":"var(--ast-global-color-4)","background-image":"","background-repeat":"repeat","background-position":"center center","background-size":"auto","background-attachment":"scroll","background-type":"","background-media":"","overlay-type":"","overlay-color":"","overlay-opacity":"","overlay-gradient":""},"tablet":{"background-color":"","background-image":"","background-repeat":"repeat","background-position":"center center","background-size":"auto","background-attachment":"scroll","background-type":"","background-media":"","overlay-type":"","overlay-color":"","overlay-opacity":"","overlay-gradient":""},"mobile":{"background-color":"","background-image":"","background-repeat":"repeat","background-position":"center center","background-size":"auto","background-attachment":"scroll","background-type":"","background-media":"","overlay-type":"","overlay-color":"","overlay-opacity":"","overlay-gradient":""}},"ast-content-background-meta":{"desktop":{"background-color":"var(--ast-global-color-5)","background-image":"","background-repeat":"repeat","background-position":"center center","background-size":"auto","background-attachment":"scroll","background-type":"","background-media":"","overlay-type":"","overlay-color":"","overlay-opacity":"","overlay-gradient":""},"tablet":{"background-color":"var(--ast-global-color-5)","background-image":"","background-repeat":"repeat","background-position":"center center","background-size":"auto","background-attachment":"scroll","background-type":"","background-media":"","overlay-type":"","overlay-color":"","overlay-opacity":"","overlay-gradient":""},"mobile":{"background-color":"var(--ast-global-color-5)","background-image":"","background-repeat":"repeat","background-position":"center center","background-size":"auto","background-attachment":"scroll","background-type":"","background-media":"","overlay-type":"","overlay-color":"","overlay-opacity":"","overlay-gradient":""}},"footnotes":""},"class_list":["post-2431","page","type-page","status-publish","hentry"],"_links":{"self":[{"href":"https:\/\/sp-niemcz.edu.pl\/index.php\/wp-json\/wp\/v2\/pages\/2431","targetHints":{"allow":["GET"]}}],"collection":[{"href":"https:\/\/sp-niemcz.edu.pl\/index.php\/wp-json\/wp\/v2\/pages"}],"about":[{"href":"https:\/\/sp-niemcz.edu.pl\/index.php\/wp-json\/wp\/v2\/types\/page"}],"author":[{"embeddable":true,"href":"https:\/\/sp-niemcz.edu.pl\/index.php\/wp-json\/wp\/v2\/users\/1"}],"replies":[{"embeddable":true,"href":"https:\/\/sp-niemcz.edu.pl\/index.php\/wp-json\/wp\/v2\/comments?post=2431"}],"version-history":[{"count":19,"href":"https:\/\/sp-niemcz.edu.pl\/index.php\/wp-json\/wp\/v2\/pages\/2431\/revisions"}],"predecessor-version":[{"id":2594,"href":"https:\/\/sp-niemcz.edu.pl\/index.php\/wp-json\/wp\/v2\/pages\/2431\/revisions\/2594"}],"wp:attachment":[{"href":"https:\/\/sp-niemcz.edu.pl\/index.php\/wp-json\/wp\/v2\/media?parent=2431"}],"curies":[{"name":"wp","href":"https:\/\/api.w.org\/{rel}","templated":true}]}}